{"id":796,"date":"2021-12-22T08:45:54","date_gmt":"2021-12-22T08:45:54","guid":{"rendered":"https:\/\/kaushal-test-blockart.sites.qsandbox.com\/?page_id=796"},"modified":"2022-07-10T12:25:16","modified_gmt":"2022-07-10T10:25:16","slug":"contact","status":"publish","type":"page","link":"https:\/\/bodorrio.rushpine.com\/?page_id=796","title":{"rendered":"Asistencia"},"content":{"rendered":"\n<div class=\"blockart-section blockart-section-4035395d\"><div class=\"blockart-overlay\"><\/div><div class=\"blockart-container-fluid\"><div class=\"blockart-section-inner\">\n<div class=\"blockart-column blockart-column-7febffbe\"><div class=\"blockart-column-inner\">\n<h1 class=\"blockart-heading blockart-heading-2a2c8920\">Queremos contar contigo<\/h1>\n\n\n\n<p class=\"blockart-paragraph blockart-paragraph-c9729972\"><strong>En este d\u00eda tan especial<\/strong><\/p>\n<\/div><\/div>\n<\/div><\/div><\/div>\n\n\n\n<div class=\"blockart-section blockart-section-7327c678\"><div class=\"blockart-container\"><div class=\"blockart-section-inner\">\n<div class=\"blockart-column blockart-column-1e5fdeba\"><div class=\"blockart-column-inner\">\n<h2 class=\"blockart-heading blockart-heading-f6ac7d9b\">Rellena el formulario <img decoding=\"async\" style=\"width: 40px;\" src=\"https:\/\/cdn-icons-png.flaticon.com\/512\/599\/599536.png\" alt=\"Please - Free gestures icons\"><\/h2>\n\n\n\n<p class=\"blockart-paragraph blockart-paragraph-15ef238f\">Nos ayudar\u00e1s a que todo est\u00e9 perfecto.<\/p>\n\n\n\n<div class=\"blockart-section blockart-section-5b1af627\"><div class=\"blockart-container\"><div class=\"blockart-section-inner\">\n<div class=\"blockart-column blockart-column-637c1c0a\"><div class=\"blockart-column-inner\">\n<div class=\"everest-forms\"><div class=\"evf-container layout-two\" id=\"evf-5\"><form id=\"evf-form-5\" class=\"everest-form\" data-formid=\"5\" data-ajax_submission=\"1\" data-keyboard_friendly_form=\"0\" method=\"post\" enctype=\"multipart\/form-data\" action=\"\/index.php?rest_route=%2Fwp%2Fv2%2Fpages%2F796\"><div class=\"evf-field-container\"><input type=\"hidden\" id=\"_wpnonce5\" name=\"_wpnonce5\" value=\"e9375c7017\" \/><input type=\"hidden\" name=\"_wp_http_referer\" value=\"\/index.php?rest_route=%2Fwp%2Fv2%2Fpages%2F796\" \/><div class=\"evf-frontend-row\" data-row=\"row_2\" conditional_rules=\"[]\"><div class=\"evf-frontend-grid evf-grid-1\" data-grid=\"grid_1\"><div id=\"evf-5-field_HFOwW1QYiG-4-container\" class=\"evf-field evf-field-first-name form-row validate-required\" data-required-field-message=\"Este campo es obligatorio.\" data-field-id=\"HFOwW1QYiG-4\"><label class=\"evf-field-label\" for=\"evf-5-field_HFOwW1QYiG-4\"><span class=\"evf-label\">Nombre y Apellidos<\/span> <abbr class=\"required\" title=\"Obligatorio\">*<\/abbr><\/label><input type=\"text\" id=\"evf-5-field_HFOwW1QYiG-4\" class=\"input-text\" name=\"everest_forms[form_fields][HFOwW1QYiG-4]\" required><\/div><\/div><\/div><div class=\"evf-frontend-row\" data-row=\"row_3\" conditional_rules=\"[]\"><div class=\"evf-frontend-grid evf-grid-2\" data-grid=\"grid_1\"><div id=\"evf-5-field_XW1ilaW24p-5-container\" class=\"evf-field evf-field-checkbox form-row validate-required\" data-required-field-message=\"Este campo es obligatorio.\" data-field-id=\"XW1ilaW24p-5\"><label class=\"evf-field-label\" for=\"evf-5-field_XW1ilaW24p-5\"><span class=\"evf-label\">Asistencia a la boda<\/span> <abbr class=\"required\" title=\"Obligatorio\">*<\/abbr><\/label><ul id=\"evf-5-field_XW1ilaW24p-5\" class=\" evf-field-required\" data-choice-limit=\"1\"><li class=\"choice-1 depth-1\"><input type=\"checkbox\" id=\"evf-5-field_XW1ilaW24p-5_1\" class=\"input-text\" data-rule-check-limit=\"true\" name=\"everest_forms[form_fields][XW1ilaW24p-5][]\" value=\"SI\" required ><label class=\"everest-forms-field-label-inline\" for=\"evf-5-field_XW1ilaW24p-5_1\">SI<\/label><\/li><li class=\"choice-2 depth-1\"><input type=\"checkbox\" id=\"evf-5-field_XW1ilaW24p-5_2\" class=\"input-text\" data-rule-check-limit=\"true\" name=\"everest_forms[form_fields][XW1ilaW24p-5][]\" value=\"NO\" required ><label class=\"everest-forms-field-label-inline\" for=\"evf-5-field_XW1ilaW24p-5_2\">NO<\/label><\/li><\/ul><\/div><\/div><div class=\"evf-frontend-grid evf-grid-2\" data-grid=\"grid_2\"><div id=\"evf-5-field_email-container\" class=\"evf-field evf-field-email form-row validate-required validate-email\" data-required-field-message=\"Por favor, usa una direcci\u00f3n de correo electr\u00f3nico v\u00e1lida.\" data-field-id=\"email\"><label class=\"evf-field-label\" for=\"evf-5-field_email\"><span class=\"evf-label\">Email<\/span> <abbr class=\"required\" title=\"Obligatorio\">*<\/abbr><\/label><input type=\"email\" id=\"evf-5-field_email\" class=\"input-text\" name=\"everest_forms[form_fields][email]\" required ><\/div><\/div><\/div><div class=\"evf-frontend-row\" data-row=\"row_1\" conditional_rules=\"[]\"><div class=\"evf-frontend-grid evf-grid-2\" data-grid=\"grid_1\"><div id=\"evf-5-field_ceuQeY19wP-8-container\" class=\"evf-field evf-field-textarea form-row\" data-field-id=\"ceuQeY19wP-8\"><label class=\"evf-field-label\" for=\"evf-5-field_ceuQeY19wP-8\"><span class=\"evf-label\">Nombre y apellidos de los acompa\u00f1antes<\/span> <\/label><textarea id=\"evf-5-field_ceuQeY19wP-8\" class=\"input-text\" name=\"everest_forms[form_fields][ceuQeY19wP-8]\"  ><\/textarea><\/div><\/div><div class=\"evf-frontend-grid evf-grid-2\" data-grid=\"grid_2\"><div id=\"evf-5-field_message-container\" class=\"evf-field evf-field-textarea form-row\" data-field-id=\"message\"><label class=\"evf-field-label\" for=\"evf-5-field_message\"><span class=\"evf-label\">Alergias, intolerancias y opciones vegetarianas\/veganas<\/span> <\/label><textarea id=\"evf-5-field_message\" class=\"input-text\" name=\"everest_forms[form_fields][message]\"  ><\/textarea><\/div><\/div><\/div><\/div><div class=\"evf-honeypot-container evf-field-hp\"><label for=\"evf-5-field-hp\" class=\"evf-field-label\">Phone<\/label><input type=\"text\" name=\"everest_forms[hp]\" id=\"evf-5-field-hp\" class=\"input-text\"><\/div><div class=\"evf-submit-container \" ><input type=\"hidden\" name=\"everest_forms[id]\" value=\"5\"><input type=\"hidden\" name=\"everest_forms[author]\" value=\"1\"><button type='submit' name='everest_forms[submit]' class='everest-forms-submit-button button evf-submit ' id='evf-submit-5' value='evf-submit' data-process-text=\"Procesando...\" conditional_rules='&quot;&quot;' conditional_id='evf-submit-5'  id=\"evf-submit-5\" aria-live=\"assertive\">Enviar<\/button><\/div><\/form><\/div><!-- .evf-container --><\/div>\n<\/div><\/div>\n<\/div><\/div><\/div>\n<\/div><\/div>\n<\/div><\/div><\/div>\n\n\n\n<div class=\"blockart-section blockart-section-100dcd35\"><div class=\"blockart-container-fluid\"><div class=\"blockart-section-inner\">\n<div class=\"blockart-column blockart-column-2afca4ed\"><div class=\"blockart-column-inner\"><\/div><\/div>\n<\/div><\/div><\/div>\n","protected":false},"excerpt":{"rendered":"","protected":false},"author":1,"featured_media":0,"parent":0,"menu_order":0,"comment_status":"closed","ping_status":"closed","template":"page-templates\/pagebuilder.php","meta":{"zakra_sidebar_layout":"stretched","zakra_remove_content_margin":true,"zakra_sidebar":"customizer","zakra_transparent_header":"1","zakra_logo":33,"zakra_main_header_style":"zak-layout-1-style-1","zakra_menu_item_color":"#ffffff","zakra_menu_item_hover_color":"#dba08b","zakra_menu_item_active_color":"#dba08b","zakra_menu_active_style":"style-2","zakra_page_header":false,"om_disable_all_campaigns":false,"_monsterinsights_skip_tracking":false,"_monsterinsights_sitenote_active":false,"_monsterinsights_sitenote_note":"","_monsterinsights_sitenote_category":0,"footnotes":""},"class_list":["post-796","page","type-page","status-publish","hentry"],"aioseo_notices":[],"_links":{"self":[{"href":"https:\/\/bodorrio.rushpine.com\/index.php?rest_route=\/wp\/v2\/pages\/796","targetHints":{"allow":["GET"]}}],"collection":[{"href":"https:\/\/bodorrio.rushpine.com\/index.php?rest_route=\/wp\/v2\/pages"}],"about":[{"href":"https:\/\/bodorrio.rushpine.com\/index.php?rest_route=\/wp\/v2\/types\/page"}],"author":[{"embeddable":true,"href":"https:\/\/bodorrio.rushpine.com\/index.php?rest_route=\/wp\/v2\/users\/1"}],"replies":[{"embeddable":true,"href":"https:\/\/bodorrio.rushpine.com\/index.php?rest_route=%2Fwp%2Fv2%2Fcomments&post=796"}],"version-history":[{"count":33,"href":"https:\/\/bodorrio.rushpine.com\/index.php?rest_route=\/wp\/v2\/pages\/796\/revisions"}],"predecessor-version":[{"id":1837,"href":"https:\/\/bodorrio.rushpine.com\/index.php?rest_route=\/wp\/v2\/pages\/796\/revisions\/1837"}],"wp:attachment":[{"href":"https:\/\/bodorrio.rushpine.com\/index.php?rest_route=%2Fwp%2Fv2%2Fmedia&parent=796"}],"curies":[{"name":"wp","href":"https:\/\/api.w.org\/{rel}","templated":true}]}}