{"id":1876,"date":"2021-12-28T19:05:59","date_gmt":"2021-12-28T17:05:59","guid":{"rendered":"https:\/\/bodorrio.rushpine.com\/?page_id=1876"},"modified":"2022-07-25T20:21:14","modified_gmt":"2022-07-25T18:21:14","slug":"regalo","status":"publish","type":"page","link":"https:\/\/bodorrio.rushpine.com\/?page_id=1876","title":{"rendered":"Regalo"},"content":{"rendered":"\n<div class=\"blockart-section blockart-section-4035395d\"><div class=\"blockart-overlay\"><\/div><div class=\"blockart-container-fluid\"><div class=\"blockart-section-inner\">\n<div class=\"blockart-column blockart-column-7febffbe\"><div class=\"blockart-column-inner\">\n<h1 class=\"blockart-heading blockart-heading-2a2c8920\">Regalo<\/h1>\n<\/div><\/div>\n<\/div><\/div><\/div>\n\n\n\n<div class=\"blockart-section blockart-section-40a7fc90\"><div class=\"blockart-container\"><div class=\"blockart-section-inner\">\n<div class=\"blockart-column blockart-column-febeb9a8\"><div class=\"blockart-column-inner\">\n<p class=\"has-text-align-center has-medium-font-size\">Sabemos que suena a t\u00f3pico, pero realmente el mayor regalo es tu asistencia y poder pasar junto a ti un d\u00eda estupendo.<\/p>\n\n\n\n<p class=\"has-text-align-center has-medium-font-size\">Si a\u00fan as\u00ed quieres hacernos un regalo, estar\u00eda genial que nos ayudaras con <strong>el viaje de novios<\/strong>.<\/p>\n\n\n\n<p class=\"has-text-align-center has-medium-font-size\">Nos vamos a <strong>Indonesia<\/strong>, pasaremos por Borneo, Java, Bali, Singapur y Maldivas.<\/p>\n\n\n\n<p class=\"has-text-align-center\" style=\"font-size:18px\">En Borneo navegaremos en barco privado local (Klotok) divisando orangutanes en libertad. En Java conoceremos los dos templos m\u00e1s fascinantes de Indonesia, Prambanan y Borobudur. Visitaremos las zonas m\u00e1s bellas de la isla de Bali, con visitas a templos y arrozales. Terminaremos en las islas Maldivas pasando previamente por Singapur.<\/p>\n\n\n\n<p class=\"has-text-align-center has-medium-font-size\">ES19 0081 0134 9100 0181 0687<\/p>\n<\/div><\/div>\n<\/div><\/div><\/div>\n\n\n\n<figure class=\"wp-block-image aligncenter size-full\"><img loading=\"lazy\" decoding=\"async\" width=\"863\" height=\"456\" src=\"https:\/\/bodorrio.rushpine.com\/wp-content\/uploads\/2022\/07\/Mapa-Bali.jpg\" alt=\"\" class=\"wp-image-1921\" srcset=\"https:\/\/bodorrio.rushpine.com\/wp-content\/uploads\/2022\/07\/Mapa-Bali.jpg 863w, https:\/\/bodorrio.rushpine.com\/wp-content\/uploads\/2022\/07\/Mapa-Bali-300x159.jpg 300w, https:\/\/bodorrio.rushpine.com\/wp-content\/uploads\/2022\/07\/Mapa-Bali-768x406.jpg 768w\" sizes=\"auto, (max-width: 863px) 100vw, 863px\" \/><\/figure>\n\n\n\n<div class=\"blockart-spacing blockart-spacing-2db30ba5\"><div class=\"blockart-spacing-inner\"><\/div><\/div>\n\n\n\n<div class=\"wp-block-columns is-layout-flex wp-container-core-columns-is-layout-1 wp-block-columns-is-layout-flex\">\n<div class=\"wp-block-column is-layout-flow wp-block-column-is-layout-flow\" style=\"flex-basis:25%\">\n<figure class=\"wp-block-image aligncenter size-medium\"><img loading=\"lazy\" decoding=\"async\" width=\"300\" height=\"300\" src=\"https:\/\/bodorrio.rushpine.com\/wp-content\/uploads\/2022\/07\/Orangutan-e1658574221174-300x300.jpg\" alt=\"\" class=\"wp-image-1922\" srcset=\"https:\/\/bodorrio.rushpine.com\/wp-content\/uploads\/2022\/07\/Orangutan-e1658574221174-300x300.jpg 300w, https:\/\/bodorrio.rushpine.com\/wp-content\/uploads\/2022\/07\/Orangutan-e1658574221174-150x150.jpg 150w, https:\/\/bodorrio.rushpine.com\/wp-content\/uploads\/2022\/07\/Orangutan-e1658574221174.jpg 515w\" sizes=\"auto, (max-width: 300px) 100vw, 300px\" \/><\/figure>\n<\/div>\n\n\n\n<div class=\"wp-block-column is-layout-flow wp-block-column-is-layout-flow\" style=\"flex-basis:25%\">\n<figure class=\"wp-block-image aligncenter size-medium\"><img loading=\"lazy\" decoding=\"async\" width=\"300\" height=\"300\" src=\"https:\/\/bodorrio.rushpine.com\/wp-content\/uploads\/2022\/07\/klotok-e1658574056258-300x300.jpg\" alt=\"\" class=\"wp-image-1918\" srcset=\"https:\/\/bodorrio.rushpine.com\/wp-content\/uploads\/2022\/07\/klotok-e1658574056258-300x300.jpg 300w, https:\/\/bodorrio.rushpine.com\/wp-content\/uploads\/2022\/07\/klotok-e1658574056258-150x150.jpg 150w, https:\/\/bodorrio.rushpine.com\/wp-content\/uploads\/2022\/07\/klotok-e1658574056258.jpg 506w\" sizes=\"auto, (max-width: 300px) 100vw, 300px\" \/><\/figure>\n<\/div>\n\n\n\n<div class=\"wp-block-column is-layout-flow wp-block-column-is-layout-flow\" style=\"flex-basis:25%\">\n<figure class=\"wp-block-image aligncenter size-medium\"><img loading=\"lazy\" decoding=\"async\" width=\"300\" height=\"300\" src=\"https:\/\/bodorrio.rushpine.com\/wp-content\/uploads\/2022\/07\/Prambanan-e1658574291420-300x300.jpg\" alt=\"\" class=\"wp-image-1923\" srcset=\"https:\/\/bodorrio.rushpine.com\/wp-content\/uploads\/2022\/07\/Prambanan-e1658574291420-300x300.jpg 300w, https:\/\/bodorrio.rushpine.com\/wp-content\/uploads\/2022\/07\/Prambanan-e1658574291420-150x150.jpg 150w, https:\/\/bodorrio.rushpine.com\/wp-content\/uploads\/2022\/07\/Prambanan-e1658574291420-768x768.jpg 768w, https:\/\/bodorrio.rushpine.com\/wp-content\/uploads\/2022\/07\/Prambanan-e1658574291420.jpg 915w\" sizes=\"auto, (max-width: 300px) 100vw, 300px\" \/><\/figure>\n<\/div>\n\n\n\n<div class=\"wp-block-column is-layout-flow wp-block-column-is-layout-flow\" style=\"flex-basis:25%\">\n<figure class=\"wp-block-image aligncenter size-medium\"><img loading=\"lazy\" decoding=\"async\" width=\"300\" height=\"300\" src=\"https:\/\/bodorrio.rushpine.com\/wp-content\/uploads\/2022\/07\/la-joya-ii-biu-biu-e1658574112682-300x300.jpg\" alt=\"\" class=\"wp-image-1919\" srcset=\"https:\/\/bodorrio.rushpine.com\/wp-content\/uploads\/2022\/07\/la-joya-ii-biu-biu-e1658574112682-300x300.jpg 300w, https:\/\/bodorrio.rushpine.com\/wp-content\/uploads\/2022\/07\/la-joya-ii-biu-biu-e1658574112682-150x150.jpg 150w, https:\/\/bodorrio.rushpine.com\/wp-content\/uploads\/2022\/07\/la-joya-ii-biu-biu-e1658574112682.jpg 412w\" sizes=\"auto, (max-width: 300px) 100vw, 300px\" \/><\/figure>\n<\/div>\n<\/div>\n\n\n\n<div class=\"wp-block-columns is-layout-flex wp-container-core-columns-is-layout-2 wp-block-columns-is-layout-flex\">\n<div class=\"wp-block-column is-layout-flow wp-block-column-is-layout-flow\" style=\"flex-basis:25%\">\n<figure class=\"wp-block-image aligncenter size-medium\"><img loading=\"lazy\" decoding=\"async\" width=\"300\" height=\"300\" src=\"https:\/\/bodorrio.rushpine.com\/wp-content\/uploads\/2022\/07\/Borobudur-e1658575034497-300x300.jpg\" alt=\"\" class=\"wp-image-1916\" srcset=\"https:\/\/bodorrio.rushpine.com\/wp-content\/uploads\/2022\/07\/Borobudur-e1658575034497-300x300.jpg 300w, https:\/\/bodorrio.rushpine.com\/wp-content\/uploads\/2022\/07\/Borobudur-e1658575034497-150x150.jpg 150w, https:\/\/bodorrio.rushpine.com\/wp-content\/uploads\/2022\/07\/Borobudur-e1658575034497.jpg 683w\" sizes=\"auto, (max-width: 300px) 100vw, 300px\" \/><\/figure>\n<\/div>\n\n\n\n<div class=\"wp-block-column is-layout-flow wp-block-column-is-layout-flow\" style=\"flex-basis:25%\">\n<figure class=\"wp-block-image aligncenter size-medium\"><img loading=\"lazy\" decoding=\"async\" width=\"300\" height=\"300\" src=\"https:\/\/bodorrio.rushpine.com\/wp-content\/uploads\/2022\/07\/cataratas-e1658574007720-300x300.jpg\" alt=\"\" class=\"wp-image-1917\" srcset=\"https:\/\/bodorrio.rushpine.com\/wp-content\/uploads\/2022\/07\/cataratas-e1658574007720-300x300.jpg 300w, https:\/\/bodorrio.rushpine.com\/wp-content\/uploads\/2022\/07\/cataratas-e1658574007720-150x150.jpg 150w, https:\/\/bodorrio.rushpine.com\/wp-content\/uploads\/2022\/07\/cataratas-e1658574007720.jpg 720w\" sizes=\"auto, (max-width: 300px) 100vw, 300px\" \/><\/figure>\n<\/div>\n\n\n\n<div class=\"wp-block-column is-layout-flow wp-block-column-is-layout-flow\" style=\"flex-basis:25%\">\n<figure class=\"wp-block-image aligncenter size-medium\"><img loading=\"lazy\" decoding=\"async\" width=\"300\" height=\"300\" src=\"https:\/\/bodorrio.rushpine.com\/wp-content\/uploads\/2022\/07\/Maldivass-e1658574171429-300x300.jpg\" alt=\"\" class=\"wp-image-1920\" srcset=\"https:\/\/bodorrio.rushpine.com\/wp-content\/uploads\/2022\/07\/Maldivass-e1658574171429-300x300.jpg 300w, https:\/\/bodorrio.rushpine.com\/wp-content\/uploads\/2022\/07\/Maldivass-e1658574171429-150x150.jpg 150w, https:\/\/bodorrio.rushpine.com\/wp-content\/uploads\/2022\/07\/Maldivass-e1658574171429.jpg 734w\" sizes=\"auto, (max-width: 300px) 100vw, 300px\" \/><\/figure>\n<\/div>\n\n\n\n<div class=\"wp-block-column is-layout-flow wp-block-column-is-layout-flow\" style=\"flex-basis:25%\">\n<figure class=\"wp-block-image aligncenter size-medium\"><img loading=\"lazy\" decoding=\"async\" width=\"300\" height=\"300\" src=\"https:\/\/bodorrio.rushpine.com\/wp-content\/uploads\/2022\/07\/Shangai-e1658574364909-300x300.jpg\" alt=\"\" class=\"wp-image-1924\" srcset=\"https:\/\/bodorrio.rushpine.com\/wp-content\/uploads\/2022\/07\/Shangai-e1658574364909-300x300.jpg 300w, https:\/\/bodorrio.rushpine.com\/wp-content\/uploads\/2022\/07\/Shangai-e1658574364909-1024x1024.jpg 1024w, https:\/\/bodorrio.rushpine.com\/wp-content\/uploads\/2022\/07\/Shangai-e1658574364909-150x150.jpg 150w, https:\/\/bodorrio.rushpine.com\/wp-content\/uploads\/2022\/07\/Shangai-e1658574364909-768x767.jpg 768w, https:\/\/bodorrio.rushpine.com\/wp-content\/uploads\/2022\/07\/Shangai-e1658574364909.jpg 1281w\" sizes=\"auto, (max-width: 300px) 100vw, 300px\" \/><\/figure>\n<\/div>\n<\/div>\n","protected":false},"excerpt":{"rendered":"","protected":false},"author":1,"featured_media":0,"parent":0,"menu_order":0,"comment_status":"closed","ping_status":"closed","template":"page-templates\/pagebuilder.php","meta":{"zakra_sidebar_layout":"customizer","zakra_remove_content_margin":true,"zakra_sidebar":"customizer","zakra_transparent_header":"customizer","zakra_logo":0,"zakra_main_header_style":"default","zakra_menu_item_color":"#000000","zakra_menu_item_hover_color":"#dba08b","zakra_menu_item_active_color":"#dba08b","zakra_menu_active_style":"","zakra_page_header":false,"om_disable_all_campaigns":false,"_monsterinsights_skip_tracking":false,"_monsterinsights_sitenote_active":false,"_monsterinsights_sitenote_note":"","_monsterinsights_sitenote_category":0,"footnotes":""},"class_list":["post-1876","page","type-page","status-publish","hentry"],"aioseo_notices":[],"_links":{"self":[{"href":"https:\/\/bodorrio.rushpine.com\/index.php?rest_route=\/wp\/v2\/pages\/1876","targetHints":{"allow":["GET"]}}],"collection":[{"href":"https:\/\/bodorrio.rushpine.com\/index.php?rest_route=\/wp\/v2\/pages"}],"about":[{"href":"https:\/\/bodorrio.rushpine.com\/index.php?rest_route=\/wp\/v2\/types\/page"}],"author":[{"embeddable":true,"href":"https:\/\/bodorrio.rushpine.com\/index.php?rest_route=\/wp\/v2\/users\/1"}],"replies":[{"embeddable":true,"href":"https:\/\/bodorrio.rushpine.com\/index.php?rest_route=%2Fwp%2Fv2%2Fcomments&post=1876"}],"version-history":[{"count":6,"href":"https:\/\/bodorrio.rushpine.com\/index.php?rest_route=\/wp\/v2\/pages\/1876\/revisions"}],"predecessor-version":[{"id":1931,"href":"https:\/\/bodorrio.rushpine.com\/index.php?rest_route=\/wp\/v2\/pages\/1876\/revisions\/1931"}],"wp:attachment":[{"href":"https:\/\/bodorrio.rushpine.com\/index.php?rest_route=%2Fwp%2Fv2%2Fmedia&parent=1876"}],"curies":[{"name":"wp","href":"https:\/\/api.w.org\/{rel}","templated":true}]}}