{"id":1452,"date":"2021-12-28T19:05:59","date_gmt":"2021-12-28T17:05:59","guid":{"rendered":"https:\/\/kaushal-test-blockart.sites.qsandbox.com\/?page_id=1452"},"modified":"2022-07-21T20:14:48","modified_gmt":"2022-07-21T18:14:48","slug":"vestimenta","status":"publish","type":"page","link":"https:\/\/bodorrio.rushpine.com\/?page_id=1452","title":{"rendered":"\u00bfQu\u00e9 me pongo?"},"content":{"rendered":"\n<div class=\"blockart-section blockart-section-4035395d\"><div class=\"blockart-overlay\"><\/div><div class=\"blockart-container-fluid\"><div class=\"blockart-section-inner\">\n<div class=\"blockart-column blockart-column-7febffbe\"><div class=\"blockart-column-inner\">\n<h1 class=\"blockart-heading blockart-heading-2a2c8920\">\u00bfQu\u00e9 me pongo?<\/h1>\n<\/div><\/div>\n<\/div><\/div><\/div>\n\n\n\n<div class=\"blockart-section blockart-section-40a7fc90\"><div class=\"blockart-container\"><div class=\"blockart-section-inner\">\n<div class=\"blockart-column blockart-column-febeb9a8\"><div class=\"blockart-column-inner\">\n<p class=\"has-text-align-center has-medium-font-size\"><strong>Hay mucha gente que nos ha preguntado\u2026 \u00bfque me pongo? Bueno, pues aqu\u00ed van algunas sugerencias<\/strong><\/p>\n\n\n\n<p class=\"has-text-align-center has-medium-font-size\">En primer lugar debes saber que es una boda civil, y que ese mismo d\u00eda nos casamos, por lo que habr\u00e1 ceremonia. As\u00ed que nos encantar\u00eda que fueras lo m\u00e1s elegante posible.<\/p>\n\n\n\n<p class=\"has-text-align-center has-medium-font-size\">A\u00fan as\u00ed, no hay etiqueta, ve c\u00f3modo\/a y elegante. Recuerda que es octubre, por lo que es posible que nos haga sol o llueva, y seguramente por la noche refresque. Aqu\u00ed te dejamos las temperaturas medias de los \u00faltimos a\u00f1os y algunas fotos para que te hagas una idea.<\/p>\n<\/div><\/div>\n<\/div><\/div><\/div>\n\n\n\n<figure class=\"wp-block-image aligncenter size-large\"><img loading=\"lazy\" decoding=\"async\" width=\"1024\" height=\"322\" src=\"https:\/\/bodorrio.rushpine.com\/wp-content\/uploads\/2022\/07\/Captura-de-pantalla-2022-07-21-194642-1024x322.png\" alt=\"\" class=\"wp-image-1857\" srcset=\"https:\/\/bodorrio.rushpine.com\/wp-content\/uploads\/2022\/07\/Captura-de-pantalla-2022-07-21-194642-1024x322.png 1024w, https:\/\/bodorrio.rushpine.com\/wp-content\/uploads\/2022\/07\/Captura-de-pantalla-2022-07-21-194642-300x94.png 300w, https:\/\/bodorrio.rushpine.com\/wp-content\/uploads\/2022\/07\/Captura-de-pantalla-2022-07-21-194642-768x241.png 768w, https:\/\/bodorrio.rushpine.com\/wp-content\/uploads\/2022\/07\/Captura-de-pantalla-2022-07-21-194642.png 1465w\" sizes=\"auto, (max-width: 1024px) 100vw, 1024px\" \/><\/figure>\n\n\n\n<div class=\"blockart-spacing blockart-spacing-2db30ba5\"><div class=\"blockart-spacing-inner\"><\/div><\/div>\n\n\n\n<div class=\"wp-block-columns is-layout-flex wp-container-core-columns-is-layout-1 wp-block-columns-is-layout-flex\">\n<div class=\"wp-block-column is-layout-flow wp-block-column-is-layout-flow\" style=\"flex-basis:25%\">\n<figure class=\"wp-block-image aligncenter size-medium\"><img loading=\"lazy\" decoding=\"async\" width=\"300\" height=\"300\" src=\"https:\/\/bodorrio.rushpine.com\/wp-content\/uploads\/2022\/07\/invitada-e1658425188182-300x300.jpg\" alt=\"\" class=\"wp-image-1846\" srcset=\"https:\/\/bodorrio.rushpine.com\/wp-content\/uploads\/2022\/07\/invitada-e1658425188182-300x300.jpg 300w, https:\/\/bodorrio.rushpine.com\/wp-content\/uploads\/2022\/07\/invitada-e1658425188182-150x150.jpg 150w, https:\/\/bodorrio.rushpine.com\/wp-content\/uploads\/2022\/07\/invitada-e1658425188182-768x768.jpg 768w, https:\/\/bodorrio.rushpine.com\/wp-content\/uploads\/2022\/07\/invitada-e1658425188182.jpg 865w\" sizes=\"auto, (max-width: 300px) 100vw, 300px\" \/><\/figure>\n<\/div>\n\n\n\n<div class=\"wp-block-column is-layout-flow wp-block-column-is-layout-flow\" style=\"flex-basis:25%\">\n<figure class=\"wp-block-image aligncenter size-medium\"><img loading=\"lazy\" decoding=\"async\" width=\"300\" height=\"300\" src=\"https:\/\/bodorrio.rushpine.com\/wp-content\/uploads\/2022\/07\/invitado-3-300x300.jpg\" alt=\"\" class=\"wp-image-1849\" srcset=\"https:\/\/bodorrio.rushpine.com\/wp-content\/uploads\/2022\/07\/invitado-3-300x300.jpg 300w, https:\/\/bodorrio.rushpine.com\/wp-content\/uploads\/2022\/07\/invitado-3-150x150.jpg 150w, https:\/\/bodorrio.rushpine.com\/wp-content\/uploads\/2022\/07\/invitado-3-768x768.jpg 768w, https:\/\/bodorrio.rushpine.com\/wp-content\/uploads\/2022\/07\/invitado-3.jpg 800w\" sizes=\"auto, (max-width: 300px) 100vw, 300px\" \/><\/figure>\n<\/div>\n\n\n\n<div class=\"wp-block-column is-layout-flow wp-block-column-is-layout-flow\" style=\"flex-basis:25%\">\n<figure class=\"wp-block-image aligncenter size-medium\"><img loading=\"lazy\" decoding=\"async\" width=\"300\" height=\"300\" src=\"https:\/\/bodorrio.rushpine.com\/wp-content\/uploads\/2022\/07\/turbante-lovelyroom3--e1658425101863-300x300.jpg\" alt=\"\" class=\"wp-image-1851\" srcset=\"https:\/\/bodorrio.rushpine.com\/wp-content\/uploads\/2022\/07\/turbante-lovelyroom3--e1658425101863-300x300.jpg 300w, https:\/\/bodorrio.rushpine.com\/wp-content\/uploads\/2022\/07\/turbante-lovelyroom3--e1658425101863-150x150.jpg 150w, https:\/\/bodorrio.rushpine.com\/wp-content\/uploads\/2022\/07\/turbante-lovelyroom3--e1658425101863.jpg 490w\" sizes=\"auto, (max-width: 300px) 100vw, 300px\" \/><\/figure>\n<\/div>\n\n\n\n<div class=\"wp-block-column is-layout-flow wp-block-column-is-layout-flow\" style=\"flex-basis:25%\">\n<figure class=\"wp-block-image aligncenter size-medium\"><img loading=\"lazy\" decoding=\"async\" width=\"300\" height=\"300\" src=\"https:\/\/bodorrio.rushpine.com\/wp-content\/uploads\/2022\/07\/invitado-1-e1658424882400-300x300.jpg\" alt=\"\" class=\"wp-image-1847\" srcset=\"https:\/\/bodorrio.rushpine.com\/wp-content\/uploads\/2022\/07\/invitado-1-e1658424882400-300x300.jpg 300w, https:\/\/bodorrio.rushpine.com\/wp-content\/uploads\/2022\/07\/invitado-1-e1658424882400-150x150.jpg 150w, https:\/\/bodorrio.rushpine.com\/wp-content\/uploads\/2022\/07\/invitado-1-e1658424882400.jpg 736w\" sizes=\"auto, (max-width: 300px) 100vw, 300px\" \/><\/figure>\n<\/div>\n<\/div>\n\n\n\n<div class=\"wp-block-columns is-layout-flex wp-container-core-columns-is-layout-2 wp-block-columns-is-layout-flex\">\n<div class=\"wp-block-column is-layout-flow wp-block-column-is-layout-flow\" style=\"flex-basis:25%\">\n<figure class=\"wp-block-image aligncenter size-medium\"><img loading=\"lazy\" decoding=\"async\" width=\"300\" height=\"300\" src=\"https:\/\/bodorrio.rushpine.com\/wp-content\/uploads\/2022\/07\/Invitada-5-cortada-e1658424978595-300x300.jpg\" alt=\"\" class=\"wp-image-1844\" srcset=\"https:\/\/bodorrio.rushpine.com\/wp-content\/uploads\/2022\/07\/Invitada-5-cortada-e1658424978595-300x300.jpg 300w, https:\/\/bodorrio.rushpine.com\/wp-content\/uploads\/2022\/07\/Invitada-5-cortada-e1658424978595-150x150.jpg 150w, https:\/\/bodorrio.rushpine.com\/wp-content\/uploads\/2022\/07\/Invitada-5-cortada-e1658424978595.jpg 521w\" sizes=\"auto, (max-width: 300px) 100vw, 300px\" \/><\/figure>\n<\/div>\n\n\n\n<div class=\"wp-block-column is-layout-flow wp-block-column-is-layout-flow\" style=\"flex-basis:25%\">\n<figure class=\"wp-block-image aligncenter size-medium\"><img loading=\"lazy\" decoding=\"async\" width=\"300\" height=\"300\" src=\"https:\/\/bodorrio.rushpine.com\/wp-content\/uploads\/2022\/07\/hombre-con-pajarita-y-tirantes-look-casual-e1658425526562-300x300.jpg\" alt=\"\" class=\"wp-image-1856\" srcset=\"https:\/\/bodorrio.rushpine.com\/wp-content\/uploads\/2022\/07\/hombre-con-pajarita-y-tirantes-look-casual-e1658425526562-300x300.jpg 300w, https:\/\/bodorrio.rushpine.com\/wp-content\/uploads\/2022\/07\/hombre-con-pajarita-y-tirantes-look-casual-e1658425526562-150x150.jpg 150w, https:\/\/bodorrio.rushpine.com\/wp-content\/uploads\/2022\/07\/hombre-con-pajarita-y-tirantes-look-casual-e1658425526562.jpg 699w\" sizes=\"auto, (max-width: 300px) 100vw, 300px\" \/><\/figure>\n<\/div>\n\n\n\n<div class=\"wp-block-column is-layout-flow wp-block-column-is-layout-flow\" style=\"flex-basis:25%\">\n<figure class=\"wp-block-image aligncenter size-medium\"><img loading=\"lazy\" decoding=\"async\" width=\"300\" height=\"298\" src=\"https:\/\/bodorrio.rushpine.com\/wp-content\/uploads\/2022\/07\/invitada-7-300x298.jpg\" alt=\"\" class=\"wp-image-1845\" srcset=\"https:\/\/bodorrio.rushpine.com\/wp-content\/uploads\/2022\/07\/invitada-7-300x298.jpg 300w, https:\/\/bodorrio.rushpine.com\/wp-content\/uploads\/2022\/07\/invitada-7-150x150.jpg 150w, https:\/\/bodorrio.rushpine.com\/wp-content\/uploads\/2022\/07\/invitada-7.jpg 654w\" sizes=\"auto, (max-width: 300px) 100vw, 300px\" \/><\/figure>\n<\/div>\n\n\n\n<div class=\"wp-block-column is-layout-flow wp-block-column-is-layout-flow\" style=\"flex-basis:25%\">\n<figure class=\"wp-block-image aligncenter size-medium\"><img loading=\"lazy\" decoding=\"async\" width=\"300\" height=\"300\" src=\"https:\/\/bodorrio.rushpine.com\/wp-content\/uploads\/2022\/07\/invitado-2-300x300.jpg\" alt=\"\" class=\"wp-image-1848\" srcset=\"https:\/\/bodorrio.rushpine.com\/wp-content\/uploads\/2022\/07\/invitado-2-300x300.jpg 300w, https:\/\/bodorrio.rushpine.com\/wp-content\/uploads\/2022\/07\/invitado-2-150x150.jpg 150w, https:\/\/bodorrio.rushpine.com\/wp-content\/uploads\/2022\/07\/invitado-2.jpg 350w\" sizes=\"auto, (max-width: 300px) 100vw, 300px\" \/><\/figure>\n<\/div>\n<\/div>\n","protected":false},"excerpt":{"rendered":"","protected":false},"author":1,"featured_media":0,"parent":0,"menu_order":0,"comment_status":"closed","ping_status":"closed","template":"page-templates\/pagebuilder.php","meta":{"zakra_sidebar_layout":"stretched","zakra_remove_content_margin":true,"zakra_sidebar":"customizer","zakra_transparent_header":"1","zakra_logo":33,"zakra_main_header_style":"zak-layout-1-style-1","zakra_menu_item_color":"#ffffff","zakra_menu_item_hover_color":"#dba08b","zakra_menu_item_active_color":"#dba08b","zakra_menu_active_style":"style-2","zakra_page_header":false,"om_disable_all_campaigns":false,"_monsterinsights_skip_tracking":false,"_monsterinsights_sitenote_active":false,"_monsterinsights_sitenote_note":"","_monsterinsights_sitenote_category":0,"footnotes":""},"class_list":["post-1452","page","type-page","status-publish","hentry"],"aioseo_notices":[],"_links":{"self":[{"href":"https:\/\/bodorrio.rushpine.com\/index.php?rest_route=\/wp\/v2\/pages\/1452","targetHints":{"allow":["GET"]}}],"collection":[{"href":"https:\/\/bodorrio.rushpine.com\/index.php?rest_route=\/wp\/v2\/pages"}],"about":[{"href":"https:\/\/bodorrio.rushpine.com\/index.php?rest_route=\/wp\/v2\/types\/page"}],"author":[{"embeddable":true,"href":"https:\/\/bodorrio.rushpine.com\/index.php?rest_route=\/wp\/v2\/users\/1"}],"replies":[{"embeddable":true,"href":"https:\/\/bodorrio.rushpine.com\/index.php?rest_route=%2Fwp%2Fv2%2Fcomments&post=1452"}],"version-history":[{"count":18,"href":"https:\/\/bodorrio.rushpine.com\/index.php?rest_route=\/wp\/v2\/pages\/1452\/revisions"}],"predecessor-version":[{"id":1925,"href":"https:\/\/bodorrio.rushpine.com\/index.php?rest_route=\/wp\/v2\/pages\/1452\/revisions\/1925"}],"wp:attachment":[{"href":"https:\/\/bodorrio.rushpine.com\/index.php?rest_route=%2Fwp%2Fv2%2Fmedia&parent=1452"}],"curies":[{"name":"wp","href":"https:\/\/api.w.org\/{rel}","templated":true}]}}