{"id":1010,"date":"2021-12-23T09:44:02","date_gmt":"2021-12-23T07:44:02","guid":{"rendered":"https:\/\/kaushal-test-blockart.sites.qsandbox.com\/?page_id=1010"},"modified":"2022-09-02T13:57:17","modified_gmt":"2022-09-02T11:57:17","slug":"hotel","status":"publish","type":"page","link":"https:\/\/bodorrio.rushpine.com\/?page_id=1010","title":{"rendered":"Hotel"},"content":{"rendered":"\n<div class=\"blockart-section blockart-section-4035395d\"><div class=\"blockart-overlay\"><\/div><div class=\"blockart-container-fluid\"><div class=\"blockart-section-inner\">\n<div class=\"blockart-column blockart-column-7febffbe\"><div class=\"blockart-column-inner\">\n<h1 class=\"blockart-heading blockart-heading-2a2c8920\">Hotel<\/h1>\n\n\n\n<p class=\"blockart-paragraph blockart-paragraph-c9729972\">\u00bfNo vives en Madrid? O si pero \u00bfprefieres coger un taxi e ir a tu casa al d\u00eda siguiente?<\/p>\n<\/div><\/div>\n<\/div><\/div><\/div>\n\n\n\n<div class=\"blockart-section blockart-section-40a7fc90\"><div class=\"blockart-container\"><div class=\"blockart-section-inner\">\n<div class=\"blockart-column blockart-column-febeb9a8\"><div class=\"blockart-column-inner\">\n<h2 class=\"blockart-heading blockart-heading-e1d5d517\">Hotel Crowne Plaza Madrid Airport<br><br><\/h2>\n\n\n\n<p class=\"has-text-align-center has-medium-font-size\">Te recomendamos el hotel&nbsp;Crowne Plaza Madrid Airport. Se encuentra a menos de 15 minutos en coche de la finca.<\/p>\n\n\n\n<p class=\"has-text-align-center has-medium-font-size\">Si reservas contar\u00e1s con desayuno incluido y posibilidad de parking.<\/p>\n\n\n\n<p class=\"has-text-align-center has-medium-font-size\">Si por el contrario vienes en avi\u00f3n, el hotel tambi\u00e9n cuenta con una lanzadera con conexi\u00f3n al aeropuerto totalmente gratuita y una parada de taxis para que te puedas mover por Madrid.<\/p>\n\n\n\n<p class=\"has-text-align-center has-medium-font-size\">Si necesitas una habitaci\u00f3n, habla primero con nosotros para que te apliquen nuestro descuento.<\/p>\n<\/div><\/div>\n<\/div><\/div><\/div>\n\n\n\n<div class=\"wp-block-columns is-layout-flex wp-container-core-columns-is-layout-1 wp-block-columns-is-layout-flex\">\n<div class=\"wp-block-column is-layout-flow wp-block-column-is-layout-flow\" style=\"flex-basis:25%\">\n<figure class=\"wp-block-image size-large\"><img loading=\"lazy\" decoding=\"async\" width=\"1024\" height=\"683\" src=\"https:\/\/bodorrio.rushpine.com\/wp-content\/uploads\/2022\/09\/habitacion-1-1024x683.jpg\" alt=\"\" class=\"wp-image-1944\" srcset=\"https:\/\/bodorrio.rushpine.com\/wp-content\/uploads\/2022\/09\/habitacion-1-1024x683.jpg 1024w, https:\/\/bodorrio.rushpine.com\/wp-content\/uploads\/2022\/09\/habitacion-1-300x200.jpg 300w, https:\/\/bodorrio.rushpine.com\/wp-content\/uploads\/2022\/09\/habitacion-1-768x512.jpg 768w, https:\/\/bodorrio.rushpine.com\/wp-content\/uploads\/2022\/09\/habitacion-1.jpg 1348w\" sizes=\"auto, (max-width: 1024px) 100vw, 1024px\" \/><\/figure>\n<\/div>\n\n\n\n<div class=\"wp-block-column is-layout-flow wp-block-column-is-layout-flow\" style=\"flex-basis:25%\">\n<figure class=\"wp-block-image size-full\"><img loading=\"lazy\" decoding=\"async\" width=\"640\" height=\"427\" src=\"https:\/\/bodorrio.rushpine.com\/wp-content\/uploads\/2022\/09\/Recepcion.jpg\" alt=\"\" class=\"wp-image-1941\" srcset=\"https:\/\/bodorrio.rushpine.com\/wp-content\/uploads\/2022\/09\/Recepcion.jpg 640w, https:\/\/bodorrio.rushpine.com\/wp-content\/uploads\/2022\/09\/Recepcion-300x200.jpg 300w\" sizes=\"auto, (max-width: 640px) 100vw, 640px\" \/><\/figure>\n<\/div>\n\n\n\n<div class=\"wp-block-column is-layout-flow wp-block-column-is-layout-flow\" style=\"flex-basis:25%\">\n<figure class=\"wp-block-image size-full\"><img loading=\"lazy\" decoding=\"async\" width=\"1024\" height=\"683\" src=\"https:\/\/bodorrio.rushpine.com\/wp-content\/uploads\/2022\/09\/Desayuno.jpg\" alt=\"\" class=\"wp-image-1942\" srcset=\"https:\/\/bodorrio.rushpine.com\/wp-content\/uploads\/2022\/09\/Desayuno.jpg 1024w, https:\/\/bodorrio.rushpine.com\/wp-content\/uploads\/2022\/09\/Desayuno-300x200.jpg 300w, https:\/\/bodorrio.rushpine.com\/wp-content\/uploads\/2022\/09\/Desayuno-768x512.jpg 768w\" sizes=\"auto, (max-width: 1024px) 100vw, 1024px\" \/><\/figure>\n<\/div>\n\n\n\n<div class=\"wp-block-column is-layout-flow wp-block-column-is-layout-flow\" style=\"flex-basis:25%\">\n<figure class=\"wp-block-image size-full\"><img loading=\"lazy\" decoding=\"async\" width=\"640\" height=\"427\" src=\"https:\/\/bodorrio.rushpine.com\/wp-content\/uploads\/2022\/09\/Terraza.jpg\" alt=\"\" class=\"wp-image-1943\" srcset=\"https:\/\/bodorrio.rushpine.com\/wp-content\/uploads\/2022\/09\/Terraza.jpg 640w, https:\/\/bodorrio.rushpine.com\/wp-content\/uploads\/2022\/09\/Terraza-300x200.jpg 300w\" sizes=\"auto, (max-width: 640px) 100vw, 640px\" \/><\/figure>\n<\/div>\n\n\n\n<div class=\"wp-block-column is-layout-flow wp-block-column-is-layout-flow\" style=\"flex-basis:25%\">\n<figure class=\"wp-block-image size-large\"><img loading=\"lazy\" decoding=\"async\" width=\"1024\" height=\"683\" src=\"https:\/\/bodorrio.rushpine.com\/wp-content\/uploads\/2022\/07\/madad-service-0126-hor-clsc-1024x683.jpg\" alt=\"\" class=\"wp-image-1813\" srcset=\"https:\/\/bodorrio.rushpine.com\/wp-content\/uploads\/2022\/07\/madad-service-0126-hor-clsc-1024x683.jpg 1024w, https:\/\/bodorrio.rushpine.com\/wp-content\/uploads\/2022\/07\/madad-service-0126-hor-clsc-300x200.jpg 300w, https:\/\/bodorrio.rushpine.com\/wp-content\/uploads\/2022\/07\/madad-service-0126-hor-clsc-768x512.jpg 768w, https:\/\/bodorrio.rushpine.com\/wp-content\/uploads\/2022\/07\/madad-service-0126-hor-clsc.jpg 1215w\" sizes=\"auto, (max-width: 1024px) 100vw, 1024px\" \/><\/figure>\n<\/div>\n<\/div>\n","protected":false},"excerpt":{"rendered":"","protected":false},"author":1,"featured_media":0,"parent":0,"menu_order":0,"comment_status":"closed","ping_status":"closed","template":"page-templates\/pagebuilder.php","meta":{"zakra_sidebar_layout":"stretched","zakra_remove_content_margin":true,"zakra_sidebar":"customizer","zakra_transparent_header":"customizer","zakra_logo":0,"zakra_main_header_style":"zak-layout-1-style-1","zakra_menu_item_color":"","zakra_menu_item_hover_color":"#dba08b","zakra_menu_item_active_color":"#dba08b","zakra_menu_active_style":"style-2","zakra_page_header":false,"om_disable_all_campaigns":false,"_monsterinsights_skip_tracking":false,"_monsterinsights_sitenote_active":false,"_monsterinsights_sitenote_note":"","_monsterinsights_sitenote_category":0,"footnotes":""},"class_list":["post-1010","page","type-page","status-publish","hentry"],"aioseo_notices":[],"_links":{"self":[{"href":"https:\/\/bodorrio.rushpine.com\/index.php?rest_route=\/wp\/v2\/pages\/1010","targetHints":{"allow":["GET"]}}],"collection":[{"href":"https:\/\/bodorrio.rushpine.com\/index.php?rest_route=\/wp\/v2\/pages"}],"about":[{"href":"https:\/\/bodorrio.rushpine.com\/index.php?rest_route=\/wp\/v2\/types\/page"}],"author":[{"embeddable":true,"href":"https:\/\/bodorrio.rushpine.com\/index.php?rest_route=\/wp\/v2\/users\/1"}],"replies":[{"embeddable":true,"href":"https:\/\/bodorrio.rushpine.com\/index.php?rest_route=%2Fwp%2Fv2%2Fcomments&post=1010"}],"version-history":[{"count":13,"href":"https:\/\/bodorrio.rushpine.com\/index.php?rest_route=\/wp\/v2\/pages\/1010\/revisions"}],"predecessor-version":[{"id":1946,"href":"https:\/\/bodorrio.rushpine.com\/index.php?rest_route=\/wp\/v2\/pages\/1010\/revisions\/1946"}],"wp:attachment":[{"href":"https:\/\/bodorrio.rushpine.com\/index.php?rest_route=%2Fwp%2Fv2%2Fmedia&parent=1010"}],"curies":[{"name":"wp","href":"https:\/\/api.w.org\/{rel}","templated":true}]}}